
{"id":732,"date":"2026-01-16T08:06:11","date_gmt":"2026-01-16T08:06:11","guid":{"rendered":"https:\/\/maniry.mg\/?page_id=732"},"modified":"2026-02-13T14:52:32","modified_gmt":"2026-02-13T14:52:32","slug":"concentre-de-citron","status":"publish","type":"page","link":"https:\/\/maniry.mg\/en\/concentre-de-citron\/","title":{"rendered":"Lemon concentrate"},"content":{"rendered":"<div data-elementor-type=\"wp-page\" data-elementor-id=\"732\" class=\"elementor elementor-732\">\n\t\t\t\t<div class=\"elementor-element elementor-element-33e7e5e e-con-full e-flex e-con e-parent\" data-id=\"33e7e5e\" data-element_type=\"container\" data-e-type=\"container\" data-settings=\"{&quot;background_background&quot;:&quot;classic&quot;}\">\n\t\t\t\t<div class=\"elementor-element elementor-element-4f757cc elementor-widget elementor-widget-heading\" data-id=\"4f757cc\" data-element_type=\"widget\" data-e-type=\"widget\" data-widget_type=\"heading.default\">\n\t\t\t\t\t<h2 class=\"elementor-heading-title elementor-size-default\">Lemon concentrate<\/h2>\t\t\t\t<\/div>\n\t\t\t\t<\/div>\n\t\t<div class=\"elementor-element elementor-element-e889f77 e-con-full discover-more-section e-flex e-con e-parent\" data-id=\"e889f77\" data-element_type=\"container\" data-e-type=\"container\" data-settings=\"{&quot;background_background&quot;:&quot;classic&quot;}\">\n\t\t\t\t<div class=\"elementor-element elementor-element-ab97a6c btn elementor-widget elementor-widget-button\" data-id=\"ab97a6c\" data-element_type=\"widget\" data-e-type=\"widget\" data-widget_type=\"button.default\">\n\t\t\t\t\t\t\t\t\t\t<a class=\"elementor-button elementor-button-link elementor-size-sm\" href=\"\/en\/contact\/\">\n\t\t\t\t\t\t<span class=\"elementor-button-content-wrapper\">\n\t\t\t\t\t\t\t\t\t<span class=\"elementor-button-text\">Order lemon concentrates<\/span>\n\t\t\t\t\t<\/span>\n\t\t\t\t\t<\/a>\n\t\t\t\t\t\t\t\t<\/div>\n\t\t\t\t<\/div>\n\t\t<div class=\"elementor-element elementor-element-50be1c7 e-flex e-con-boxed e-con e-parent\" data-id=\"50be1c7\" data-element_type=\"container\" data-e-type=\"container\">\n\t\t\t\t\t<div class=\"e-con-inner\">\n\t\t<div class=\"elementor-element elementor-element-557371a e-con-full e-flex e-con e-child\" data-id=\"557371a\" data-element_type=\"container\" data-e-type=\"container\">\n\t\t\t\t<div class=\"elementor-element elementor-element-5c96f32 elementor-widget elementor-widget-text-editor\" data-id=\"5c96f32\" data-element_type=\"widget\" data-e-type=\"widget\" data-widget_type=\"text-editor.default\">\n\t\t\t\t\t\t\t\t\t<p>We offer pure lemon concentrate, carefully crafted without preservatives or chemical additives, for convenient use and zero waste.<\/p><p>Designed to meet the requirements of professionals in the catering, agri-food, and export industries, it is available in 1.5 L and 5 L containers. Our 5 L cubis are also intended for export, allowing our flavors to cross Madagascar's borders. Thanks to its versatility, long shelf life, and high yield, this concentrate is a reliable and economical solution for:<\/p><ul><li>Drinks &amp; cocktails<\/li><li>Baking &amp; food processing<\/li><li>Home cooking: sauces, marinades, and seasonings.<\/li><\/ul>\t\t\t\t\t\t\t\t<\/div>\n\t\t\t\t<\/div>\n\t\t<div class=\"elementor-element elementor-element-6cd8291 e-con-full e-flex e-con e-child\" data-id=\"6cd8291\" data-element_type=\"container\" data-e-type=\"container\" data-settings=\"{&quot;background_background&quot;:&quot;classic&quot;}\">\n\t\t\t\t<\/div>\n\t\t\t\t\t<\/div>\n\t\t\t\t<\/div>\n\t\t<div class=\"elementor-element elementor-element-65a5213 e-flex e-con-boxed e-con e-parent\" data-id=\"65a5213\" data-element_type=\"container\" data-e-type=\"container\">\n\t\t\t\t\t<div class=\"e-con-inner\">\n\t\t\t\t\t<\/div>\n\t\t\t\t<\/div>\n\t\t\t\t<\/div>","protected":false},"excerpt":{"rendered":"<p>Extrait concentr\u00e9 de citron<\/p>","protected":false},"author":134457260,"featured_media":817,"parent":0,"menu_order":0,"comment_status":"closed","ping_status":"closed","template":"single-page-sidebar-on-right","meta":{"_coblocks_attr":"","_coblocks_dimensions":"","_coblocks_responsive_height":"","_coblocks_accordion_ie_support":"","_crdt_document":"","footnotes":""},"class_list":["post-732","page","type-page","status-publish","has-post-thumbnail","hentry"],"yoast_head":"<!-- This site is optimized with the Yoast SEO plugin v27.4 - https:\/\/yoast.com\/product\/yoast-seo-wordpress\/ -->\n<title>Le concentr\u00e9 de citron - MANIRY<\/title>\n<meta name=\"robots\" content=\"index, follow, max-snippet:-1, max-image-preview:large, max-video-preview:-1\" \/>\n<link rel=\"canonical\" href=\"https:\/\/maniry.mg\/en\/concentre-de-citron\/\" \/>\n<meta property=\"og:locale\" content=\"en_US\" \/>\n<meta property=\"og:type\" content=\"article\" \/>\n<meta property=\"og:title\" content=\"Le concentr\u00e9 de citron - MANIRY\" \/>\n<meta property=\"og:description\" content=\"Extrait concentr\u00e9 de citron\" \/>\n<meta property=\"og:url\" content=\"https:\/\/maniry.mg\/en\/concentre-de-citron\/\" \/>\n<meta property=\"og:site_name\" content=\"MANIRY\" \/>\n<meta property=\"article:modified_time\" content=\"2026-02-13T14:52:32+00:00\" \/>\n<meta property=\"og:image\" content=\"https:\/\/maniry.mg\/wp-content\/uploads\/2026\/01\/concentre_citron.webp\" \/>\n\t<meta property=\"og:image:width\" content=\"1792\" \/>\n\t<meta property=\"og:image:height\" content=\"1319\" \/>\n\t<meta property=\"og:image:type\" content=\"image\/webp\" \/>\n<meta name=\"twitter:card\" content=\"summary_large_image\" \/>\n<meta name=\"twitter:label1\" content=\"Est. reading time\" \/>\n\t<meta name=\"twitter:data1\" content=\"1 minute\" \/>\n<script type=\"application\/ld+json\" class=\"yoast-schema-graph\">{\"@context\":\"https:\\\/\\\/schema.org\",\"@graph\":[{\"@type\":\"WebPage\",\"@id\":\"https:\\\/\\\/maniry.mg\\\/concentre-de-citron\\\/\",\"url\":\"https:\\\/\\\/maniry.mg\\\/concentre-de-citron\\\/\",\"name\":\"Le concentr\u00e9 de citron - MANIRY\",\"isPartOf\":{\"@id\":\"https:\\\/\\\/maniry.mg\\\/#website\"},\"primaryImageOfPage\":{\"@id\":\"https:\\\/\\\/maniry.mg\\\/concentre-de-citron\\\/#primaryimage\"},\"image\":{\"@id\":\"https:\\\/\\\/maniry.mg\\\/concentre-de-citron\\\/#primaryimage\"},\"thumbnailUrl\":\"https:\\\/\\\/maniry.mg\\\/wp-content\\\/uploads\\\/2026\\\/01\\\/concentre_citron.webp\",\"datePublished\":\"2026-01-16T08:06:11+00:00\",\"dateModified\":\"2026-02-13T14:52:32+00:00\",\"breadcrumb\":{\"@id\":\"https:\\\/\\\/maniry.mg\\\/concentre-de-citron\\\/#breadcrumb\"},\"inLanguage\":\"en-US\",\"potentialAction\":[{\"@type\":\"ReadAction\",\"target\":[\"https:\\\/\\\/maniry.mg\\\/concentre-de-citron\\\/\"]}]},{\"@type\":\"ImageObject\",\"inLanguage\":\"en-US\",\"@id\":\"https:\\\/\\\/maniry.mg\\\/concentre-de-citron\\\/#primaryimage\",\"url\":\"https:\\\/\\\/maniry.mg\\\/wp-content\\\/uploads\\\/2026\\\/01\\\/concentre_citron.webp\",\"contentUrl\":\"https:\\\/\\\/maniry.mg\\\/wp-content\\\/uploads\\\/2026\\\/01\\\/concentre_citron.webp\",\"width\":1792,\"height\":1319},{\"@type\":\"BreadcrumbList\",\"@id\":\"https:\\\/\\\/maniry.mg\\\/concentre-de-citron\\\/#breadcrumb\",\"itemListElement\":[{\"@type\":\"ListItem\",\"position\":1,\"name\":\"Accueil\",\"item\":\"https:\\\/\\\/maniry.mg\\\/\"},{\"@type\":\"ListItem\",\"position\":2,\"name\":\"Le concentr\u00e9 de citron\"}]},{\"@type\":\"WebSite\",\"@id\":\"https:\\\/\\\/maniry.mg\\\/#website\",\"url\":\"https:\\\/\\\/maniry.mg\\\/\",\"name\":\"MANIRY\",\"description\":\"Citrons et Huile d&#039;avocat de Madagascar\",\"publisher\":{\"@id\":\"https:\\\/\\\/maniry.mg\\\/#organization\"},\"potentialAction\":[{\"@type\":\"SearchAction\",\"target\":{\"@type\":\"EntryPoint\",\"urlTemplate\":\"https:\\\/\\\/maniry.mg\\\/?s={search_term_string}\"},\"query-input\":{\"@type\":\"PropertyValueSpecification\",\"valueRequired\":true,\"valueName\":\"search_term_string\"}}],\"inLanguage\":\"en-US\"},{\"@type\":\"Organization\",\"@id\":\"https:\\\/\\\/maniry.mg\\\/#organization\",\"name\":\"MANIRY\",\"url\":\"https:\\\/\\\/maniry.mg\\\/\",\"logo\":{\"@type\":\"ImageObject\",\"inLanguage\":\"en-US\",\"@id\":\"https:\\\/\\\/maniry.mg\\\/#\\\/schema\\\/logo\\\/image\\\/\",\"url\":\"https:\\\/\\\/maniry.mg\\\/wp-content\\\/uploads\\\/2026\\\/01\\\/logo.jpg\",\"contentUrl\":\"https:\\\/\\\/maniry.mg\\\/wp-content\\\/uploads\\\/2026\\\/01\\\/logo.jpg\",\"width\":1890,\"height\":710,\"caption\":\"MANIRY\"},\"image\":{\"@id\":\"https:\\\/\\\/maniry.mg\\\/#\\\/schema\\\/logo\\\/image\\\/\"}}]}<\/script>\n<!-- \/ Yoast SEO plugin. -->","yoast_head_json":{"title":"Le concentr\u00e9 de citron - MANIRY","robots":{"index":"index","follow":"follow","max-snippet":"max-snippet:-1","max-image-preview":"max-image-preview:large","max-video-preview":"max-video-preview:-1"},"canonical":"https:\/\/maniry.mg\/en\/concentre-de-citron\/","og_locale":"en_US","og_type":"article","og_title":"Le concentr\u00e9 de citron - MANIRY","og_description":"Extrait concentr\u00e9 de citron","og_url":"https:\/\/maniry.mg\/en\/concentre-de-citron\/","og_site_name":"MANIRY","article_modified_time":"2026-02-13T14:52:32+00:00","og_image":[{"width":1792,"height":1319,"url":"https:\/\/maniry.mg\/wp-content\/uploads\/2026\/01\/concentre_citron.webp","type":"image\/webp"}],"twitter_card":"summary_large_image","twitter_misc":{"Est. reading time":"1 minute"},"schema":{"@context":"https:\/\/schema.org","@graph":[{"@type":"WebPage","@id":"https:\/\/maniry.mg\/concentre-de-citron\/","url":"https:\/\/maniry.mg\/concentre-de-citron\/","name":"Le concentr\u00e9 de citron - MANIRY","isPartOf":{"@id":"https:\/\/maniry.mg\/#website"},"primaryImageOfPage":{"@id":"https:\/\/maniry.mg\/concentre-de-citron\/#primaryimage"},"image":{"@id":"https:\/\/maniry.mg\/concentre-de-citron\/#primaryimage"},"thumbnailUrl":"https:\/\/maniry.mg\/wp-content\/uploads\/2026\/01\/concentre_citron.webp","datePublished":"2026-01-16T08:06:11+00:00","dateModified":"2026-02-13T14:52:32+00:00","breadcrumb":{"@id":"https:\/\/maniry.mg\/concentre-de-citron\/#breadcrumb"},"inLanguage":"en-US","potentialAction":[{"@type":"ReadAction","target":["https:\/\/maniry.mg\/concentre-de-citron\/"]}]},{"@type":"ImageObject","inLanguage":"en-US","@id":"https:\/\/maniry.mg\/concentre-de-citron\/#primaryimage","url":"https:\/\/maniry.mg\/wp-content\/uploads\/2026\/01\/concentre_citron.webp","contentUrl":"https:\/\/maniry.mg\/wp-content\/uploads\/2026\/01\/concentre_citron.webp","width":1792,"height":1319},{"@type":"BreadcrumbList","@id":"https:\/\/maniry.mg\/concentre-de-citron\/#breadcrumb","itemListElement":[{"@type":"ListItem","position":1,"name":"Accueil","item":"https:\/\/maniry.mg\/"},{"@type":"ListItem","position":2,"name":"Le concentr\u00e9 de citron"}]},{"@type":"WebSite","@id":"https:\/\/maniry.mg\/#website","url":"https:\/\/maniry.mg\/","name":"MANIRY","description":"Citrons et Huile d&#039;avocat de Madagascar","publisher":{"@id":"https:\/\/maniry.mg\/#organization"},"potentialAction":[{"@type":"SearchAction","target":{"@type":"EntryPoint","urlTemplate":"https:\/\/maniry.mg\/?s={search_term_string}"},"query-input":{"@type":"PropertyValueSpecification","valueRequired":true,"valueName":"search_term_string"}}],"inLanguage":"en-US"},{"@type":"Organization","@id":"https:\/\/maniry.mg\/#organization","name":"MANIRY","url":"https:\/\/maniry.mg\/","logo":{"@type":"ImageObject","inLanguage":"en-US","@id":"https:\/\/maniry.mg\/#\/schema\/logo\/image\/","url":"https:\/\/maniry.mg\/wp-content\/uploads\/2026\/01\/logo.jpg","contentUrl":"https:\/\/maniry.mg\/wp-content\/uploads\/2026\/01\/logo.jpg","width":1890,"height":710,"caption":"MANIRY"},"image":{"@id":"https:\/\/maniry.mg\/#\/schema\/logo\/image\/"}}]}},"featured_image_src":"https:\/\/maniry.mg\/wp-content\/uploads\/2026\/01\/concentre_citron-600x400.webp?crop=1","featured_image_src_square":"https:\/\/maniry.mg\/wp-content\/uploads\/2026\/01\/concentre_citron-600x600.webp?crop=1","jetpack_likes_enabled":false,"jetpack_sharing_enabled":false,"jetpack_shortlink":"https:\/\/wp.me\/P9CD8H-bO","jetpack-related-posts":[{"id":1409,"url":"https:\/\/maniry.mg\/en\/conditions-generales-de-vente\/","url_meta":{"origin":732,"position":0},"title":"Conditions G\u00e9n\u00e9rales de Vente","author":"Dev-WSF","date":"19 February 2026","format":false,"excerpt":"Les pr\u00e9sentes Conditions G\u00e9n\u00e9rales de Vente r\u00e9gissent les relations contractuelles entre la soci\u00e9t\u00e9\u00a0MANIRY\u00a0(ci-apr\u00e8s \u00ab le Vendeur \u00bb) et toute personne physique ou morale (ci-apr\u00e8s \u00ab le Client \u00bb) souhaitant acqu\u00e9rir les produits ou services propos\u00e9s par le Vendeur. 1. Produits (Citrons frais et Concentr\u00e9s) 1.1 D\u00e9lais de commande pour les\u2026","rel":"","context":"Similar post","block_context":{"text":"Similar post","link":""},"img":{"alt_text":"","src":"https:\/\/i0.wp.com\/maniry.mg\/wp-content\/uploads\/2026\/01\/20180224_102511.webp?resize=350%2C200&ssl=1","width":350,"height":200,"srcset":"https:\/\/i0.wp.com\/maniry.mg\/wp-content\/uploads\/2026\/01\/20180224_102511.webp?resize=350%2C200&ssl=1 1x, https:\/\/i0.wp.com\/maniry.mg\/wp-content\/uploads\/2026\/01\/20180224_102511.webp?resize=525%2C300&ssl=1 1.5x, https:\/\/i0.wp.com\/maniry.mg\/wp-content\/uploads\/2026\/01\/20180224_102511.webp?resize=700%2C400&ssl=1 2x, https:\/\/i0.wp.com\/maniry.mg\/wp-content\/uploads\/2026\/01\/20180224_102511.webp?resize=1050%2C600&ssl=1 3x, https:\/\/i0.wp.com\/maniry.mg\/wp-content\/uploads\/2026\/01\/20180224_102511.webp?resize=1400%2C800&ssl=1 4x"},"classes":[]},{"id":728,"url":"https:\/\/maniry.mg\/en\/citrons-frais\/","url_meta":{"origin":732,"position":1},"title":"Fresh lemons","author":"Dev-WSF","date":"16 January 2026","format":false,"excerpt":"Les citrons frais Commander des citrons frais L'aventure a d\u00e9but\u00e9 en 2015 avec la culture des premiers plants d\u2019avocatiers, suivie en 2016 par l'introduction de nos citronniers 'Meyer'. Nos vergers sont le fruit d'une approche m\u00e9ticuleuse : chaque plant de citron est soigneusement cultiv\u00e9 et entretenu dans le respect des\u2026","rel":"","context":"Similar post","block_context":{"text":"Similar post","link":""},"img":{"alt_text":"","src":"https:\/\/i0.wp.com\/maniry.mg\/wp-content\/uploads\/2026\/01\/IMG_4998.webp?resize=350%2C200&ssl=1","width":350,"height":200,"srcset":"https:\/\/i0.wp.com\/maniry.mg\/wp-content\/uploads\/2026\/01\/IMG_4998.webp?resize=350%2C200&ssl=1 1x, https:\/\/i0.wp.com\/maniry.mg\/wp-content\/uploads\/2026\/01\/IMG_4998.webp?resize=525%2C300&ssl=1 1.5x, https:\/\/i0.wp.com\/maniry.mg\/wp-content\/uploads\/2026\/01\/IMG_4998.webp?resize=700%2C400&ssl=1 2x, https:\/\/i0.wp.com\/maniry.mg\/wp-content\/uploads\/2026\/01\/IMG_4998.webp?resize=1050%2C600&ssl=1 3x, https:\/\/i0.wp.com\/maniry.mg\/wp-content\/uploads\/2026\/01\/IMG_4998.webp?resize=1400%2C800&ssl=1 4x"},"classes":[]},{"id":835,"url":"https:\/\/maniry.mg\/en\/huile-davocat\/","url_meta":{"origin":732,"position":2},"title":"Avocado oil","author":"Dev-WSF","date":"19 January 2026","format":false,"excerpt":"Extrait concentr\u00e9 de citron","rel":"","context":"Similar post","block_context":{"text":"Similar post","link":""},"img":{"alt_text":"","src":"https:\/\/i0.wp.com\/maniry.mg\/wp-content\/uploads\/2026\/01\/20231208_1808592.webp?resize=350%2C200&ssl=1","width":350,"height":200,"srcset":"https:\/\/i0.wp.com\/maniry.mg\/wp-content\/uploads\/2026\/01\/20231208_1808592.webp?resize=350%2C200&ssl=1 1x, https:\/\/i0.wp.com\/maniry.mg\/wp-content\/uploads\/2026\/01\/20231208_1808592.webp?resize=525%2C300&ssl=1 1.5x, https:\/\/i0.wp.com\/maniry.mg\/wp-content\/uploads\/2026\/01\/20231208_1808592.webp?resize=700%2C400&ssl=1 2x, https:\/\/i0.wp.com\/maniry.mg\/wp-content\/uploads\/2026\/01\/20231208_1808592.webp?resize=1050%2C600&ssl=1 3x, https:\/\/i0.wp.com\/maniry.mg\/wp-content\/uploads\/2026\/01\/20231208_1808592.webp?resize=1400%2C800&ssl=1 4x"},"classes":[]},{"id":1244,"url":"https:\/\/maniry.mg\/en\/","url_meta":{"origin":732,"position":3},"title":"Accueil fr","author":"Dev-WSF","date":"14 February 2026","format":false,"excerpt":"Valorisation durable de la fili\u00e8re avocat et citron \u00e0 Madagascar Citrons frais, concentr\u00e9s de citrons et huile d\u2019avocat de haute qualit\u00e9 : une production durable au service du march\u00e9 local et international. \u00c0 propos Agro\u00e9cologie et Agritourisme Une entreprise 100% Malagasy implant\u00e9e dans l'Itasy Nos produits \u00a0 \u00a0 100% Malagasy\u2026","rel":"","context":"Similar post","block_context":{"text":"Similar post","link":""},"img":{"alt_text":"","src":"https:\/\/i0.wp.com\/maniry.mg\/wp-content\/uploads\/2026\/01\/maniry.webp?resize=350%2C200&ssl=1","width":350,"height":200,"srcset":"https:\/\/i0.wp.com\/maniry.mg\/wp-content\/uploads\/2026\/01\/maniry.webp?resize=350%2C200&ssl=1 1x, https:\/\/i0.wp.com\/maniry.mg\/wp-content\/uploads\/2026\/01\/maniry.webp?resize=525%2C300&ssl=1 1.5x"},"classes":[]},{"id":660,"url":"https:\/\/maniry.mg\/en\/a-propos\/","url_meta":{"origin":732,"position":4},"title":"About us","author":"Dev-WSF","date":"8 January 2026","format":false,"excerpt":"","rel":"","context":"Similar post","block_context":{"text":"Similar post","link":""},"img":{"alt_text":"","src":"","width":0,"height":0},"classes":[]},{"id":1463,"url":"https:\/\/maniry.mg\/en\/mentions-legales\/","url_meta":{"origin":732,"position":5},"title":"Legal notice","author":"Dev-WSF","date":"25 February 2026","format":false,"excerpt":"1. \u00c9diteur du site Le pr\u00e9sent site Maniry.mg est \u00e9dit\u00e9 par : Nom \/ D\u00e9nomination sociale : [Nom de la soci\u00e9t\u00e9 ou Nom complet] Forme juridique : [SARL \/ EURL \/ EI \/ SA \/ etc.] Capital social : [Montant si soci\u00e9t\u00e9] Si\u00e8ge social : [Adresse compl\u00e8te] Num\u00e9ro d\u2019immatriculation :\u2026","rel":"","context":"Similar post","block_context":{"text":"Similar post","link":""},"img":{"alt_text":"","src":"https:\/\/i0.wp.com\/maniry.mg\/wp-content\/uploads\/2026\/01\/20180224_102511.webp?resize=350%2C200&ssl=1","width":350,"height":200,"srcset":"https:\/\/i0.wp.com\/maniry.mg\/wp-content\/uploads\/2026\/01\/20180224_102511.webp?resize=350%2C200&ssl=1 1x, https:\/\/i0.wp.com\/maniry.mg\/wp-content\/uploads\/2026\/01\/20180224_102511.webp?resize=525%2C300&ssl=1 1.5x, https:\/\/i0.wp.com\/maniry.mg\/wp-content\/uploads\/2026\/01\/20180224_102511.webp?resize=700%2C400&ssl=1 2x, https:\/\/i0.wp.com\/maniry.mg\/wp-content\/uploads\/2026\/01\/20180224_102511.webp?resize=1050%2C600&ssl=1 3x, https:\/\/i0.wp.com\/maniry.mg\/wp-content\/uploads\/2026\/01\/20180224_102511.webp?resize=1400%2C800&ssl=1 4x"},"classes":[]}],"_links":{"self":[{"href":"https:\/\/maniry.mg\/en\/wp-json\/wp\/v2\/pages\/732","targetHints":{"allow":["GET"]}}],"collection":[{"href":"https:\/\/maniry.mg\/en\/wp-json\/wp\/v2\/pages"}],"about":[{"href":"https:\/\/maniry.mg\/en\/wp-json\/wp\/v2\/types\/page"}],"author":[{"embeddable":true,"href":"https:\/\/maniry.mg\/en\/wp-json\/wp\/v2\/users\/134457260"}],"replies":[{"embeddable":true,"href":"https:\/\/maniry.mg\/en\/wp-json\/wp\/v2\/comments?post=732"}],"version-history":[{"count":93,"href":"https:\/\/maniry.mg\/en\/wp-json\/wp\/v2\/pages\/732\/revisions"}],"predecessor-version":[{"id":1209,"href":"https:\/\/maniry.mg\/en\/wp-json\/wp\/v2\/pages\/732\/revisions\/1209"}],"wp:featuredmedia":[{"embeddable":true,"href":"https:\/\/maniry.mg\/en\/wp-json\/wp\/v2\/media\/817"}],"wp:attachment":[{"href":"https:\/\/maniry.mg\/en\/wp-json\/wp\/v2\/media?parent=732"}],"curies":[{"name":"wp","href":"https:\/\/api.w.org\/{rel}","templated":true}]}}