
{"id":918,"date":"2026-01-20T06:37:09","date_gmt":"2026-01-20T06:37:09","guid":{"rendered":"https:\/\/maniry.mg\/?page_id=918"},"modified":"2026-02-27T06:47:45","modified_gmt":"2026-02-27T06:47:45","slug":"agritourisme","status":"publish","type":"page","link":"https:\/\/maniry.mg\/en\/agritourisme\/","title":{"rendered":"Agritourism"},"content":{"rendered":"<div data-elementor-type=\"wp-page\" data-elementor-id=\"918\" class=\"elementor elementor-918\">\n\t\t\t\t<div class=\"elementor-element elementor-element-0c51e2a e-con-full e-flex e-con e-parent\" data-id=\"0c51e2a\" data-element_type=\"container\" data-e-type=\"container\" data-settings=\"{&quot;background_background&quot;:&quot;classic&quot;}\">\n\t\t\t\t<div class=\"elementor-element elementor-element-d02fc51 elementor-widget elementor-widget-heading\" data-id=\"d02fc51\" data-element_type=\"widget\" data-e-type=\"widget\" data-widget_type=\"heading.default\">\n\t\t\t\t\t<h2 class=\"elementor-heading-title elementor-size-default\">Agritourism<\/h2>\t\t\t\t<\/div>\n\t\t\t\t<\/div>\n\t\t<div class=\"elementor-element elementor-element-d157e29 e-con-full discover-more-section e-flex e-con e-parent\" data-id=\"d157e29\" data-element_type=\"container\" data-e-type=\"container\" data-settings=\"{&quot;background_background&quot;:&quot;classic&quot;}\">\n\t\t\t\t<div class=\"elementor-element elementor-element-2d79a04 btn elementor-widget elementor-widget-button\" data-id=\"2d79a04\" data-element_type=\"widget\" data-e-type=\"widget\" data-widget_type=\"button.default\">\n\t\t\t\t\t\t\t\t\t\t<a class=\"elementor-button elementor-button-link elementor-size-sm\" href=\"\/en\/contact\/\">\n\t\t\t\t\t\t<span class=\"elementor-button-content-wrapper\">\n\t\t\t\t\t\t\t\t\t<span class=\"elementor-button-text\">Book a tour<\/span>\n\t\t\t\t\t<\/span>\n\t\t\t\t\t<\/a>\n\t\t\t\t\t\t\t\t<\/div>\n\t\t\t\t<\/div>\n\t\t<div class=\"elementor-element elementor-element-497c40f e-flex e-con-boxed e-con e-parent\" data-id=\"497c40f\" data-element_type=\"container\" data-e-type=\"container\">\n\t\t\t\t\t<div class=\"e-con-inner\">\n\t\t<div class=\"elementor-element elementor-element-d70ebe1 e-con-full e-flex e-con e-child\" data-id=\"d70ebe1\" data-element_type=\"container\" data-e-type=\"container\">\n\t\t\t\t<div class=\"elementor-element elementor-element-0157ed3 elementor-widget elementor-widget-text-editor\" data-id=\"0157ed3\" data-element_type=\"widget\" data-e-type=\"widget\" data-widget_type=\"text-editor.default\">\n\t\t\t\t\t\t\t\t\t<p>Durant votre s\u00e9jour dans la r\u00e9gion de l&rsquo;Itasy, venez d\u00e9couvrir notre magnifique plantation, participer \u00e0 une visite guid\u00e9e d\u00e9taill\u00e9e et s&rsquo;engager dans l&rsquo;activit\u00e9 amusante de l&rsquo;autocueillette. Vous en apprendrez\u00a0 davantage sur l&rsquo;histoire de notre plantation, les vari\u00e9t\u00e9s de fruits que nous cultivons, nos m\u00e9thodes agricoles respectueuses de l&rsquo;environnement ainsi que notre impact positif sur la communaut\u00e9 locale.\u00a0<\/p><p>La plantation se trouve \u00e0 2h de la capitale Antananarivo et 45 min d&rsquo;Ampefy.<\/p>\t\t\t\t\t\t\t\t<\/div>\n\t\t\t\t<\/div>\n\t\t<div class=\"elementor-element elementor-element-ea06647 e-con-full e-flex e-con e-child\" data-id=\"ea06647\" data-element_type=\"container\" data-e-type=\"container\" data-settings=\"{&quot;background_background&quot;:&quot;classic&quot;}\">\n\t\t\t\t<\/div>\n\t\t\t\t\t<\/div>\n\t\t\t\t<\/div>\n\t\t<div class=\"elementor-element elementor-element-032285d e-flex e-con-boxed e-con e-parent\" data-id=\"032285d\" data-element_type=\"container\" data-e-type=\"container\">\n\t\t\t\t\t<div class=\"e-con-inner\">\n\t\t\t\t<div class=\"elementor-element elementor-element-98b152a elementor-widget elementor-widget-shortcode\" data-id=\"98b152a\" data-element_type=\"widget\" data-e-type=\"widget\" data-widget_type=\"shortcode.default\">\n\t\t\t\t\t\t\t<div class=\"elementor-shortcode\"><div data-carousel-extra='{&quot;blog_id&quot;:1,&quot;permalink&quot;:&quot;https:\/\/maniry.mg\/en\/agritourisme\/&quot;}' id='gallery-1' class='gallery galleryid-918 gallery-columns-3 gallery-size-thumbnail'><figure class='gallery-item'>\n\t\t\t<div class='gallery-icon landscape'>\n\t\t\t\t<a href='https:\/\/maniry.mg\/en\/maniry-2\/'><img decoding=\"async\" width=\"150\" height=\"150\" src=\"https:\/\/maniry.mg\/wp-content\/uploads\/2026\/02\/maniry-150x150.webp?crop=1\" class=\"attachment-thumbnail size-thumbnail\" alt=\"\" srcset=\"https:\/\/maniry.mg\/wp-content\/uploads\/2026\/02\/maniry-150x150.webp?crop=1 150w, https:\/\/maniry.mg\/wp-content\/uploads\/2026\/02\/maniry-600x600.webp?crop=1 600w, https:\/\/maniry.mg\/wp-content\/uploads\/2026\/02\/maniry-300x300.webp?crop=1 300w, https:\/\/maniry.mg\/wp-content\/uploads\/2026\/02\/maniry-100x100.webp?crop=1 100w\" sizes=\"(max-width: 150px) 100vw, 150px\" data-attachment-id=\"1119\" data-permalink=\"https:\/\/maniry.mg\/en\/maniry-2\/\" data-orig-file=\"https:\/\/maniry.mg\/wp-content\/uploads\/2026\/02\/maniry.webp\" data-orig-size=\"2000,1121\" data-comments-opened=\"0\" data-image-meta=\"{&quot;aperture&quot;:&quot;0&quot;,&quot;credit&quot;:&quot;&quot;,&quot;camera&quot;:&quot;&quot;,&quot;caption&quot;:&quot;&quot;,&quot;created_timestamp&quot;:&quot;0&quot;,&quot;copyright&quot;:&quot;&quot;,&quot;focal_length&quot;:&quot;0&quot;,&quot;iso&quot;:&quot;0&quot;,&quot;shutter_speed&quot;:&quot;0&quot;,&quot;title&quot;:&quot;&quot;,&quot;orientation&quot;:&quot;0&quot;,&quot;lens&quot;:&quot;&quot;}\" data-image-title=\"maniry\" data-image-description=\"\" data-image-caption=\"\" data-large-file=\"https:\/\/maniry.mg\/wp-content\/uploads\/2026\/02\/maniry-1024x574.webp\" \/><\/a>\n\t\t\t<\/div><\/figure><figure class='gallery-item'>\n\t\t\t<div class='gallery-icon portrait'>\n\t\t\t\t<a href='https:\/\/maniry.mg\/en\/agritourisme\/20251109_114656\/'><img decoding=\"async\" width=\"150\" height=\"150\" src=\"https:\/\/maniry.mg\/wp-content\/uploads\/2026\/02\/20251109_114656-150x150.jpg?crop=1\" class=\"attachment-thumbnail size-thumbnail\" alt=\"\" srcset=\"https:\/\/maniry.mg\/wp-content\/uploads\/2026\/02\/20251109_114656-150x150.jpg?crop=1 150w, https:\/\/maniry.mg\/wp-content\/uploads\/2026\/02\/20251109_114656-600x600.jpg?crop=1 600w, https:\/\/maniry.mg\/wp-content\/uploads\/2026\/02\/20251109_114656-300x300.jpg?crop=1 300w, https:\/\/maniry.mg\/wp-content\/uploads\/2026\/02\/20251109_114656-100x100.jpg?crop=1 100w\" sizes=\"(max-width: 150px) 100vw, 150px\" data-attachment-id=\"1375\" data-permalink=\"https:\/\/maniry.mg\/en\/agritourisme\/20251109_114656\/\" data-orig-file=\"https:\/\/maniry.mg\/wp-content\/uploads\/2026\/02\/20251109_114656-rotated.jpg\" data-orig-size=\"1848,4000\" data-comments-opened=\"0\" data-image-meta=\"{&quot;aperture&quot;:&quot;1.8&quot;,&quot;credit&quot;:&quot;&quot;,&quot;camera&quot;:&quot;Galaxy S23&quot;,&quot;caption&quot;:&quot;&quot;,&quot;created_timestamp&quot;:&quot;1762688816&quot;,&quot;copyright&quot;:&quot;&quot;,&quot;focal_length&quot;:&quot;5.4&quot;,&quot;iso&quot;:&quot;25&quot;,&quot;shutter_speed&quot;:&quot;0.000390906&quot;,&quot;title&quot;:&quot;&quot;,&quot;orientation&quot;:&quot;1&quot;,&quot;lens&quot;:&quot;&quot;}\" data-image-title=\"20251109_114656\" data-image-description=\"\" data-image-caption=\"\" data-large-file=\"https:\/\/maniry.mg\/wp-content\/uploads\/2026\/02\/20251109_114656-473x1024.jpg\" \/><\/a>\n\t\t\t<\/div><\/figure><figure class='gallery-item'>\n\t\t\t<div class='gallery-icon portrait'>\n\t\t\t\t<a href='https:\/\/maniry.mg\/en\/20240626_151942\/'><img decoding=\"async\" width=\"150\" height=\"150\" src=\"https:\/\/maniry.mg\/wp-content\/uploads\/2026\/02\/20240626_151942-150x150.jpg?crop=1\" class=\"attachment-thumbnail size-thumbnail\" alt=\"\" srcset=\"https:\/\/maniry.mg\/wp-content\/uploads\/2026\/02\/20240626_151942-150x150.jpg?crop=1 150w, https:\/\/maniry.mg\/wp-content\/uploads\/2026\/02\/20240626_151942-1200x1200.jpg?crop=1 1200w, https:\/\/maniry.mg\/wp-content\/uploads\/2026\/02\/20240626_151942-800x800.jpg?crop=1 800w, https:\/\/maniry.mg\/wp-content\/uploads\/2026\/02\/20240626_151942-600x600.jpg?crop=1 600w, https:\/\/maniry.mg\/wp-content\/uploads\/2026\/02\/20240626_151942-400x400.jpg?crop=1 400w, https:\/\/maniry.mg\/wp-content\/uploads\/2026\/02\/20240626_151942-200x200.jpg?crop=1 200w, https:\/\/maniry.mg\/wp-content\/uploads\/2026\/02\/20240626_151942-300x300.jpg?crop=1 300w, https:\/\/maniry.mg\/wp-content\/uploads\/2026\/02\/20240626_151942-100x100.jpg?crop=1 100w\" sizes=\"(max-width: 150px) 100vw, 150px\" data-attachment-id=\"1372\" data-permalink=\"https:\/\/maniry.mg\/en\/20240626_151942\/\" data-orig-file=\"https:\/\/maniry.mg\/wp-content\/uploads\/2026\/02\/20240626_151942-rotated.jpg\" data-orig-size=\"1848,4000\" data-comments-opened=\"0\" data-image-meta=\"{&quot;aperture&quot;:&quot;1.8&quot;,&quot;credit&quot;:&quot;&quot;,&quot;camera&quot;:&quot;Galaxy S23&quot;,&quot;caption&quot;:&quot;&quot;,&quot;created_timestamp&quot;:&quot;1719415182&quot;,&quot;copyright&quot;:&quot;&quot;,&quot;focal_length&quot;:&quot;5.4&quot;,&quot;iso&quot;:&quot;25&quot;,&quot;shutter_speed&quot;:&quot;0.0015974440894569&quot;,&quot;title&quot;:&quot;&quot;,&quot;orientation&quot;:&quot;1&quot;,&quot;lens&quot;:&quot;&quot;}\" data-image-title=\"20240626_151942\" data-image-description=\"\" data-image-caption=\"\" data-large-file=\"https:\/\/maniry.mg\/wp-content\/uploads\/2026\/02\/20240626_151942-473x1024.jpg\" \/><\/a>\n\t\t\t<\/div><\/figure><figure class='gallery-item'>\n\t\t\t<div class='gallery-icon landscape'>\n\t\t\t\t<a href='https:\/\/maniry.mg\/en\/?attachment_id=1005'><img loading=\"lazy\" decoding=\"async\" width=\"150\" height=\"150\" src=\"https:\/\/maniry.mg\/wp-content\/uploads\/2026\/01\/2121434562-150x150.webp?crop=1\" class=\"attachment-thumbnail size-thumbnail\" alt=\"\" srcset=\"https:\/\/maniry.mg\/wp-content\/uploads\/2026\/01\/2121434562-150x150.webp?crop=1 150w, https:\/\/maniry.mg\/wp-content\/uploads\/2026\/01\/2121434562-800x800.webp?crop=1 800w, https:\/\/maniry.mg\/wp-content\/uploads\/2026\/01\/2121434562-600x600.webp?crop=1 600w, https:\/\/maniry.mg\/wp-content\/uploads\/2026\/01\/2121434562-400x400.webp?crop=1 400w, https:\/\/maniry.mg\/wp-content\/uploads\/2026\/01\/2121434562-200x200.webp?crop=1 200w, https:\/\/maniry.mg\/wp-content\/uploads\/2026\/01\/2121434562-300x300.webp?crop=1 300w, https:\/\/maniry.mg\/wp-content\/uploads\/2026\/01\/2121434562-100x100.webp?crop=1 100w\" sizes=\"(max-width: 150px) 100vw, 150px\" data-attachment-id=\"1005\" data-permalink=\"https:\/\/maniry.mg\/en\/?attachment_id=1005\" data-orig-file=\"https:\/\/maniry.mg\/wp-content\/uploads\/2026\/01\/2121434562.webp\" data-orig-size=\"1800,1080\" data-comments-opened=\"0\" data-image-meta=\"{&quot;aperture&quot;:&quot;0&quot;,&quot;credit&quot;:&quot;&quot;,&quot;camera&quot;:&quot;&quot;,&quot;caption&quot;:&quot;&quot;,&quot;created_timestamp&quot;:&quot;0&quot;,&quot;copyright&quot;:&quot;&quot;,&quot;focal_length&quot;:&quot;0&quot;,&quot;iso&quot;:&quot;0&quot;,&quot;shutter_speed&quot;:&quot;0&quot;,&quot;title&quot;:&quot;&quot;,&quot;orientation&quot;:&quot;0&quot;,&quot;lens&quot;:&quot;&quot;}\" data-image-title=\"2121434562\" data-image-description=\"\" data-image-caption=\"\" data-large-file=\"https:\/\/maniry.mg\/wp-content\/uploads\/2026\/01\/2121434562-1024x614.webp\" \/><\/a>\n\t\t\t<\/div><\/figure>\n\t\t<\/div>\n<\/div>\n\t\t\t\t\t\t<\/div>\n\t\t\t\t\t<\/div>\n\t\t\t\t<\/div>\n\t\t\t\t<\/div>","protected":false},"excerpt":{"rendered":"<p>Les  visiteurs  peuvent  d\u00e9couvrir  notre  magnifique plantation,  participer  \u00e0  une  visite  guid\u00e9e&#8230;<\/p>","protected":false},"author":134457260,"featured_media":1375,"parent":0,"menu_order":0,"comment_status":"closed","ping_status":"closed","template":"single-page-sidebar-on-right","meta":{"_coblocks_attr":"","_coblocks_dimensions":"","_coblocks_responsive_height":"","_coblocks_accordion_ie_support":"","_crdt_document":"","footnotes":""},"class_list":["post-918","page","type-page","status-publish","has-post-thumbnail","hentry"],"yoast_head":"<!-- This site is optimized with the Yoast SEO plugin v27.4 - https:\/\/yoast.com\/product\/yoast-seo-wordpress\/ -->\n<title>Agritourisme - MANIRY<\/title>\n<meta name=\"robots\" content=\"index, follow, max-snippet:-1, max-image-preview:large, max-video-preview:-1\" \/>\n<link rel=\"canonical\" href=\"https:\/\/maniry.mg\/en\/agritourisme\/\" \/>\n<meta property=\"og:locale\" content=\"en_US\" \/>\n<meta property=\"og:type\" content=\"article\" \/>\n<meta property=\"og:title\" content=\"Agritourisme - MANIRY\" \/>\n<meta property=\"og:description\" content=\"Les visiteurs peuvent d\u00e9couvrir notre magnifique plantation, participer \u00e0 une visite guid\u00e9e...\" \/>\n<meta property=\"og:url\" content=\"https:\/\/maniry.mg\/en\/agritourisme\/\" \/>\n<meta property=\"og:site_name\" content=\"MANIRY\" \/>\n<meta property=\"article:modified_time\" content=\"2026-02-27T06:47:45+00:00\" \/>\n<meta property=\"og:image\" content=\"https:\/\/maniry.mg\/wp-content\/uploads\/2026\/02\/20251109_114656-rotated.jpg\" \/>\n\t<meta property=\"og:image:width\" content=\"1848\" \/>\n\t<meta property=\"og:image:height\" content=\"4000\" \/>\n\t<meta property=\"og:image:type\" content=\"image\/jpeg\" \/>\n<meta name=\"twitter:card\" content=\"summary_large_image\" \/>\n<meta name=\"twitter:label1\" content=\"Est. reading time\" \/>\n\t<meta name=\"twitter:data1\" content=\"2 minutes\" \/>\n<script type=\"application\/ld+json\" class=\"yoast-schema-graph\">{\"@context\":\"https:\\\/\\\/schema.org\",\"@graph\":[{\"@type\":\"WebPage\",\"@id\":\"https:\\\/\\\/maniry.mg\\\/agritourisme\\\/\",\"url\":\"https:\\\/\\\/maniry.mg\\\/agritourisme\\\/\",\"name\":\"Agritourisme - MANIRY\",\"isPartOf\":{\"@id\":\"https:\\\/\\\/maniry.mg\\\/#website\"},\"primaryImageOfPage\":{\"@id\":\"https:\\\/\\\/maniry.mg\\\/agritourisme\\\/#primaryimage\"},\"image\":{\"@id\":\"https:\\\/\\\/maniry.mg\\\/agritourisme\\\/#primaryimage\"},\"thumbnailUrl\":\"https:\\\/\\\/maniry.mg\\\/wp-content\\\/uploads\\\/2026\\\/02\\\/20251109_114656-rotated.jpg\",\"datePublished\":\"2026-01-20T06:37:09+00:00\",\"dateModified\":\"2026-02-27T06:47:45+00:00\",\"breadcrumb\":{\"@id\":\"https:\\\/\\\/maniry.mg\\\/agritourisme\\\/#breadcrumb\"},\"inLanguage\":\"en-US\",\"potentialAction\":[{\"@type\":\"ReadAction\",\"target\":[\"https:\\\/\\\/maniry.mg\\\/agritourisme\\\/\"]}]},{\"@type\":\"ImageObject\",\"inLanguage\":\"en-US\",\"@id\":\"https:\\\/\\\/maniry.mg\\\/agritourisme\\\/#primaryimage\",\"url\":\"https:\\\/\\\/maniry.mg\\\/wp-content\\\/uploads\\\/2026\\\/02\\\/20251109_114656-rotated.jpg\",\"contentUrl\":\"https:\\\/\\\/maniry.mg\\\/wp-content\\\/uploads\\\/2026\\\/02\\\/20251109_114656-rotated.jpg\",\"width\":1848,\"height\":4000},{\"@type\":\"BreadcrumbList\",\"@id\":\"https:\\\/\\\/maniry.mg\\\/agritourisme\\\/#breadcrumb\",\"itemListElement\":[{\"@type\":\"ListItem\",\"position\":1,\"name\":\"Accueil\",\"item\":\"https:\\\/\\\/maniry.mg\\\/\"},{\"@type\":\"ListItem\",\"position\":2,\"name\":\"Agritourisme\"}]},{\"@type\":\"WebSite\",\"@id\":\"https:\\\/\\\/maniry.mg\\\/#website\",\"url\":\"https:\\\/\\\/maniry.mg\\\/\",\"name\":\"MANIRY\",\"description\":\"Citrons et Huile d&#039;avocat de Madagascar\",\"publisher\":{\"@id\":\"https:\\\/\\\/maniry.mg\\\/#organization\"},\"potentialAction\":[{\"@type\":\"SearchAction\",\"target\":{\"@type\":\"EntryPoint\",\"urlTemplate\":\"https:\\\/\\\/maniry.mg\\\/?s={search_term_string}\"},\"query-input\":{\"@type\":\"PropertyValueSpecification\",\"valueRequired\":true,\"valueName\":\"search_term_string\"}}],\"inLanguage\":\"en-US\"},{\"@type\":\"Organization\",\"@id\":\"https:\\\/\\\/maniry.mg\\\/#organization\",\"name\":\"MANIRY\",\"url\":\"https:\\\/\\\/maniry.mg\\\/\",\"logo\":{\"@type\":\"ImageObject\",\"inLanguage\":\"en-US\",\"@id\":\"https:\\\/\\\/maniry.mg\\\/#\\\/schema\\\/logo\\\/image\\\/\",\"url\":\"https:\\\/\\\/maniry.mg\\\/wp-content\\\/uploads\\\/2026\\\/01\\\/logo.jpg\",\"contentUrl\":\"https:\\\/\\\/maniry.mg\\\/wp-content\\\/uploads\\\/2026\\\/01\\\/logo.jpg\",\"width\":1890,\"height\":710,\"caption\":\"MANIRY\"},\"image\":{\"@id\":\"https:\\\/\\\/maniry.mg\\\/#\\\/schema\\\/logo\\\/image\\\/\"}}]}<\/script>\n<!-- \/ Yoast SEO plugin. -->","yoast_head_json":{"title":"Agritourisme - MANIRY","robots":{"index":"index","follow":"follow","max-snippet":"max-snippet:-1","max-image-preview":"max-image-preview:large","max-video-preview":"max-video-preview:-1"},"canonical":"https:\/\/maniry.mg\/en\/agritourisme\/","og_locale":"en_US","og_type":"article","og_title":"Agritourisme - MANIRY","og_description":"Les visiteurs peuvent d\u00e9couvrir notre magnifique plantation, participer \u00e0 une visite guid\u00e9e...","og_url":"https:\/\/maniry.mg\/en\/agritourisme\/","og_site_name":"MANIRY","article_modified_time":"2026-02-27T06:47:45+00:00","og_image":[{"width":1848,"height":4000,"url":"https:\/\/maniry.mg\/wp-content\/uploads\/2026\/02\/20251109_114656-rotated.jpg","type":"image\/jpeg"}],"twitter_card":"summary_large_image","twitter_misc":{"Est. reading time":"2 minutes"},"schema":{"@context":"https:\/\/schema.org","@graph":[{"@type":"WebPage","@id":"https:\/\/maniry.mg\/agritourisme\/","url":"https:\/\/maniry.mg\/agritourisme\/","name":"Agritourisme - MANIRY","isPartOf":{"@id":"https:\/\/maniry.mg\/#website"},"primaryImageOfPage":{"@id":"https:\/\/maniry.mg\/agritourisme\/#primaryimage"},"image":{"@id":"https:\/\/maniry.mg\/agritourisme\/#primaryimage"},"thumbnailUrl":"https:\/\/maniry.mg\/wp-content\/uploads\/2026\/02\/20251109_114656-rotated.jpg","datePublished":"2026-01-20T06:37:09+00:00","dateModified":"2026-02-27T06:47:45+00:00","breadcrumb":{"@id":"https:\/\/maniry.mg\/agritourisme\/#breadcrumb"},"inLanguage":"en-US","potentialAction":[{"@type":"ReadAction","target":["https:\/\/maniry.mg\/agritourisme\/"]}]},{"@type":"ImageObject","inLanguage":"en-US","@id":"https:\/\/maniry.mg\/agritourisme\/#primaryimage","url":"https:\/\/maniry.mg\/wp-content\/uploads\/2026\/02\/20251109_114656-rotated.jpg","contentUrl":"https:\/\/maniry.mg\/wp-content\/uploads\/2026\/02\/20251109_114656-rotated.jpg","width":1848,"height":4000},{"@type":"BreadcrumbList","@id":"https:\/\/maniry.mg\/agritourisme\/#breadcrumb","itemListElement":[{"@type":"ListItem","position":1,"name":"Accueil","item":"https:\/\/maniry.mg\/"},{"@type":"ListItem","position":2,"name":"Agritourisme"}]},{"@type":"WebSite","@id":"https:\/\/maniry.mg\/#website","url":"https:\/\/maniry.mg\/","name":"MANIRY","description":"Citrons et Huile d&#039;avocat de Madagascar","publisher":{"@id":"https:\/\/maniry.mg\/#organization"},"potentialAction":[{"@type":"SearchAction","target":{"@type":"EntryPoint","urlTemplate":"https:\/\/maniry.mg\/?s={search_term_string}"},"query-input":{"@type":"PropertyValueSpecification","valueRequired":true,"valueName":"search_term_string"}}],"inLanguage":"en-US"},{"@type":"Organization","@id":"https:\/\/maniry.mg\/#organization","name":"MANIRY","url":"https:\/\/maniry.mg\/","logo":{"@type":"ImageObject","inLanguage":"en-US","@id":"https:\/\/maniry.mg\/#\/schema\/logo\/image\/","url":"https:\/\/maniry.mg\/wp-content\/uploads\/2026\/01\/logo.jpg","contentUrl":"https:\/\/maniry.mg\/wp-content\/uploads\/2026\/01\/logo.jpg","width":1890,"height":710,"caption":"MANIRY"},"image":{"@id":"https:\/\/maniry.mg\/#\/schema\/logo\/image\/"}}]}},"featured_image_src":"https:\/\/maniry.mg\/wp-content\/uploads\/2026\/02\/20251109_114656-600x400.jpg?crop=1","featured_image_src_square":"https:\/\/maniry.mg\/wp-content\/uploads\/2026\/02\/20251109_114656-600x600.jpg?crop=1","jetpack_likes_enabled":false,"jetpack_sharing_enabled":false,"jetpack_shortlink":"https:\/\/wp.me\/P9CD8H-eO","jetpack-related-posts":[{"id":1409,"url":"https:\/\/maniry.mg\/en\/conditions-generales-de-vente\/","url_meta":{"origin":918,"position":0},"title":"Conditions G\u00e9n\u00e9rales de Vente","author":"Dev-WSF","date":"19 February 2026","format":false,"excerpt":"Les pr\u00e9sentes Conditions G\u00e9n\u00e9rales de Vente r\u00e9gissent les relations contractuelles entre la soci\u00e9t\u00e9\u00a0MANIRY\u00a0(ci-apr\u00e8s \u00ab le Vendeur \u00bb) et toute personne physique ou morale (ci-apr\u00e8s \u00ab le Client \u00bb) souhaitant acqu\u00e9rir les produits ou services propos\u00e9s par le Vendeur. 1. Produits (Citrons frais et Concentr\u00e9s) 1.1 D\u00e9lais de commande pour les\u2026","rel":"","context":"Similar post","block_context":{"text":"Similar post","link":""},"img":{"alt_text":"","src":"https:\/\/i0.wp.com\/maniry.mg\/wp-content\/uploads\/2026\/01\/20180224_102511.webp?resize=350%2C200&ssl=1","width":350,"height":200,"srcset":"https:\/\/i0.wp.com\/maniry.mg\/wp-content\/uploads\/2026\/01\/20180224_102511.webp?resize=350%2C200&ssl=1 1x, https:\/\/i0.wp.com\/maniry.mg\/wp-content\/uploads\/2026\/01\/20180224_102511.webp?resize=525%2C300&ssl=1 1.5x, https:\/\/i0.wp.com\/maniry.mg\/wp-content\/uploads\/2026\/01\/20180224_102511.webp?resize=700%2C400&ssl=1 2x, https:\/\/i0.wp.com\/maniry.mg\/wp-content\/uploads\/2026\/01\/20180224_102511.webp?resize=1050%2C600&ssl=1 3x, https:\/\/i0.wp.com\/maniry.mg\/wp-content\/uploads\/2026\/01\/20180224_102511.webp?resize=1400%2C800&ssl=1 4x"},"classes":[]},{"id":835,"url":"https:\/\/maniry.mg\/en\/huile-davocat\/","url_meta":{"origin":918,"position":1},"title":"Avocado oil","author":"Dev-WSF","date":"19 January 2026","format":false,"excerpt":"Extrait concentr\u00e9 de citron","rel":"","context":"Similar post","block_context":{"text":"Similar post","link":""},"img":{"alt_text":"","src":"https:\/\/i0.wp.com\/maniry.mg\/wp-content\/uploads\/2026\/01\/20231208_1808592.webp?resize=350%2C200&ssl=1","width":350,"height":200,"srcset":"https:\/\/i0.wp.com\/maniry.mg\/wp-content\/uploads\/2026\/01\/20231208_1808592.webp?resize=350%2C200&ssl=1 1x, https:\/\/i0.wp.com\/maniry.mg\/wp-content\/uploads\/2026\/01\/20231208_1808592.webp?resize=525%2C300&ssl=1 1.5x, https:\/\/i0.wp.com\/maniry.mg\/wp-content\/uploads\/2026\/01\/20231208_1808592.webp?resize=700%2C400&ssl=1 2x, https:\/\/i0.wp.com\/maniry.mg\/wp-content\/uploads\/2026\/01\/20231208_1808592.webp?resize=1050%2C600&ssl=1 3x, https:\/\/i0.wp.com\/maniry.mg\/wp-content\/uploads\/2026\/01\/20231208_1808592.webp?resize=1400%2C800&ssl=1 4x"},"classes":[]},{"id":1244,"url":"https:\/\/maniry.mg\/en\/","url_meta":{"origin":918,"position":2},"title":"Accueil fr","author":"Dev-WSF","date":"14 February 2026","format":false,"excerpt":"Valorisation durable de la fili\u00e8re avocat et citron \u00e0 Madagascar Citrons frais, concentr\u00e9s de citrons et huile d\u2019avocat de haute qualit\u00e9 : une production durable au service du march\u00e9 local et international. \u00c0 propos Agro\u00e9cologie et Agritourisme Une entreprise 100% Malagasy implant\u00e9e dans l'Itasy Nos produits \u00a0 \u00a0 100% Malagasy\u2026","rel":"","context":"Similar post","block_context":{"text":"Similar post","link":""},"img":{"alt_text":"","src":"https:\/\/i0.wp.com\/maniry.mg\/wp-content\/uploads\/2026\/01\/maniry.webp?resize=350%2C200&ssl=1","width":350,"height":200,"srcset":"https:\/\/i0.wp.com\/maniry.mg\/wp-content\/uploads\/2026\/01\/maniry.webp?resize=350%2C200&ssl=1 1x, https:\/\/i0.wp.com\/maniry.mg\/wp-content\/uploads\/2026\/01\/maniry.webp?resize=525%2C300&ssl=1 1.5x"},"classes":[]},{"id":660,"url":"https:\/\/maniry.mg\/en\/a-propos\/","url_meta":{"origin":918,"position":3},"title":"About us","author":"Dev-WSF","date":"8 January 2026","format":false,"excerpt":"","rel":"","context":"Similar post","block_context":{"text":"Similar post","link":""},"img":{"alt_text":"","src":"","width":0,"height":0},"classes":[]},{"id":732,"url":"https:\/\/maniry.mg\/en\/concentre-de-citron\/","url_meta":{"origin":918,"position":4},"title":"Lemon concentrate","author":"Dev-WSF","date":"16 January 2026","format":false,"excerpt":"Extrait concentr\u00e9 de citron","rel":"","context":"Similar post","block_context":{"text":"Similar post","link":""},"img":{"alt_text":"","src":"https:\/\/i0.wp.com\/maniry.mg\/wp-content\/uploads\/2026\/01\/concentre_citron.webp?resize=350%2C200&ssl=1","width":350,"height":200,"srcset":"https:\/\/i0.wp.com\/maniry.mg\/wp-content\/uploads\/2026\/01\/concentre_citron.webp?resize=350%2C200&ssl=1 1x, https:\/\/i0.wp.com\/maniry.mg\/wp-content\/uploads\/2026\/01\/concentre_citron.webp?resize=525%2C300&ssl=1 1.5x, https:\/\/i0.wp.com\/maniry.mg\/wp-content\/uploads\/2026\/01\/concentre_citron.webp?resize=700%2C400&ssl=1 2x, https:\/\/i0.wp.com\/maniry.mg\/wp-content\/uploads\/2026\/01\/concentre_citron.webp?resize=1050%2C600&ssl=1 3x, https:\/\/i0.wp.com\/maniry.mg\/wp-content\/uploads\/2026\/01\/concentre_citron.webp?resize=1400%2C800&ssl=1 4x"},"classes":[]},{"id":1463,"url":"https:\/\/maniry.mg\/en\/mentions-legales\/","url_meta":{"origin":918,"position":5},"title":"Legal notice","author":"Dev-WSF","date":"25 February 2026","format":false,"excerpt":"1. \u00c9diteur du site Le pr\u00e9sent site Maniry.mg est \u00e9dit\u00e9 par : Nom \/ D\u00e9nomination sociale : [Nom de la soci\u00e9t\u00e9 ou Nom complet] Forme juridique : [SARL \/ EURL \/ EI \/ SA \/ etc.] Capital social : [Montant si soci\u00e9t\u00e9] Si\u00e8ge social : [Adresse compl\u00e8te] Num\u00e9ro d\u2019immatriculation :\u2026","rel":"","context":"Similar post","block_context":{"text":"Similar post","link":""},"img":{"alt_text":"","src":"https:\/\/i0.wp.com\/maniry.mg\/wp-content\/uploads\/2026\/01\/20180224_102511.webp?resize=350%2C200&ssl=1","width":350,"height":200,"srcset":"https:\/\/i0.wp.com\/maniry.mg\/wp-content\/uploads\/2026\/01\/20180224_102511.webp?resize=350%2C200&ssl=1 1x, https:\/\/i0.wp.com\/maniry.mg\/wp-content\/uploads\/2026\/01\/20180224_102511.webp?resize=525%2C300&ssl=1 1.5x, https:\/\/i0.wp.com\/maniry.mg\/wp-content\/uploads\/2026\/01\/20180224_102511.webp?resize=700%2C400&ssl=1 2x, https:\/\/i0.wp.com\/maniry.mg\/wp-content\/uploads\/2026\/01\/20180224_102511.webp?resize=1050%2C600&ssl=1 3x, https:\/\/i0.wp.com\/maniry.mg\/wp-content\/uploads\/2026\/01\/20180224_102511.webp?resize=1400%2C800&ssl=1 4x"},"classes":[]}],"_links":{"self":[{"href":"https:\/\/maniry.mg\/en\/wp-json\/wp\/v2\/pages\/918","targetHints":{"allow":["GET"]}}],"collection":[{"href":"https:\/\/maniry.mg\/en\/wp-json\/wp\/v2\/pages"}],"about":[{"href":"https:\/\/maniry.mg\/en\/wp-json\/wp\/v2\/types\/page"}],"author":[{"embeddable":true,"href":"https:\/\/maniry.mg\/en\/wp-json\/wp\/v2\/users\/134457260"}],"replies":[{"embeddable":true,"href":"https:\/\/maniry.mg\/en\/wp-json\/wp\/v2\/comments?post=918"}],"version-history":[{"count":63,"href":"https:\/\/maniry.mg\/en\/wp-json\/wp\/v2\/pages\/918\/revisions"}],"predecessor-version":[{"id":1487,"href":"https:\/\/maniry.mg\/en\/wp-json\/wp\/v2\/pages\/918\/revisions\/1487"}],"wp:featuredmedia":[{"embeddable":true,"href":"https:\/\/maniry.mg\/en\/wp-json\/wp\/v2\/media\/1375"}],"wp:attachment":[{"href":"https:\/\/maniry.mg\/en\/wp-json\/wp\/v2\/media?parent=918"}],"curies":[{"name":"wp","href":"https:\/\/api.w.org\/{rel}","templated":true}]}}